{"id":3,"date":"2024-10-29T12:56:02","date_gmt":"2024-10-29T12:56:02","guid":{"rendered":"https:\/\/fenixhorizonte.pt\/?page_id=3"},"modified":"2024-11-08T09:34:31","modified_gmt":"2024-11-08T09:34:31","slug":"privacy-policy","status":"publish","type":"page","link":"https:\/\/fenixhorizonte.pt\/en\/privacy-policy\/","title":{"rendered":"Privacy Policy"},"content":{"rendered":"","protected":false},"excerpt":{"rendered":"","protected":false},"author":1,"featured_media":105,"parent":0,"menu_order":0,"comment_status":"closed","ping_status":"closed","template":"","meta":{"footnotes":""},"class_list":["post-3","page","type-page","status-publish","has-post-thumbnail","hentry"],"yoast_head":"<!-- This site is optimized with the Yoast SEO plugin v25.5 - https:\/\/yoast.com\/wordpress\/plugins\/seo\/ -->\n<title>F\u00e9nix Horizonte - Pol\u00edtica de Privacidade<\/title>\n<meta name=\"description\" content=\"Consulte a Pol\u00edtica de Privacidade da F\u00e9nix Horizonte e saiba as ferramentas que usamos para tratar os seus dados.\" \/>\n<meta name=\"robots\" content=\"index, follow, max-snippet:-1, max-image-preview:large, max-video-preview:-1\" \/>\n<link rel=\"canonical\" href=\"https:\/\/fenixhorizonte.pt\/en\/privacy-policy\/\" \/>\n<meta property=\"og:locale\" content=\"en_GB\" \/>\n<meta property=\"og:type\" content=\"article\" \/>\n<meta property=\"og:title\" content=\"F\u00e9nix Horizonte - Pol\u00edtica de Privacidade\" \/>\n<meta property=\"og:description\" content=\"Consulte a Pol\u00edtica de Privacidade da F\u00e9nix Horizonte e saiba as ferramentas que usamos para tratar os seus dados.\" \/>\n<meta property=\"og:url\" content=\"https:\/\/fenixhorizonte.pt\/en\/privacy-policy\/\" \/>\n<meta property=\"og:site_name\" content=\"F\u00e9nix Horizonte\" \/>\n<meta property=\"article:modified_time\" content=\"2024-11-08T09:34:31+00:00\" \/>\n<meta name=\"twitter:card\" content=\"summary_large_image\" \/>\n<meta name=\"twitter:label1\" content=\"Estimated reading time\" \/>\n\t<meta name=\"twitter:data1\" content=\"1 minute\" \/>\n<script type=\"application\/ld+json\" class=\"yoast-schema-graph\">{\"@context\":\"https:\/\/schema.org\",\"@graph\":[{\"@type\":\"WebPage\",\"@id\":\"https:\/\/fenixhorizonte.pt\/politica-de-privacidade\/\",\"url\":\"https:\/\/fenixhorizonte.pt\/politica-de-privacidade\/\",\"name\":\"F\u00e9nix Horizonte - Pol\u00edtica de Privacidade\",\"isPartOf\":{\"@id\":\"https:\/\/fenixhorizonte.pt\/#website\"},\"primaryImageOfPage\":{\"@id\":\"https:\/\/fenixhorizonte.pt\/politica-de-privacidade\/#primaryimage\"},\"image\":{\"@id\":\"https:\/\/fenixhorizonte.pt\/politica-de-privacidade\/#primaryimage\"},\"thumbnailUrl\":\"https:\/\/fenixhorizonte.pt\/wp-content\/uploads\/2024\/10\/logotipo-FH.svg\",\"datePublished\":\"2024-10-29T12:56:02+00:00\",\"dateModified\":\"2024-11-08T09:34:31+00:00\",\"description\":\"Consulte a Pol\u00edtica de Privacidade da F\u00e9nix Horizonte e saiba as ferramentas que usamos para tratar os seus dados.\",\"breadcrumb\":{\"@id\":\"https:\/\/fenixhorizonte.pt\/politica-de-privacidade\/#breadcrumb\"},\"inLanguage\":\"en-GB\",\"potentialAction\":[{\"@type\":\"ReadAction\",\"target\":[\"https:\/\/fenixhorizonte.pt\/politica-de-privacidade\/\"]}]},{\"@type\":\"ImageObject\",\"inLanguage\":\"en-GB\",\"@id\":\"https:\/\/fenixhorizonte.pt\/politica-de-privacidade\/#primaryimage\",\"url\":\"https:\/\/fenixhorizonte.pt\/wp-content\/uploads\/2024\/10\/logotipo-FH.svg\",\"contentUrl\":\"https:\/\/fenixhorizonte.pt\/wp-content\/uploads\/2024\/10\/logotipo-FH.svg\"},{\"@type\":\"BreadcrumbList\",\"@id\":\"https:\/\/fenixhorizonte.pt\/politica-de-privacidade\/#breadcrumb\",\"itemListElement\":[{\"@type\":\"ListItem\",\"position\":1,\"name\":\"In\u00edcio\",\"item\":\"https:\/\/fenixhorizonte.pt\/\"},{\"@type\":\"ListItem\",\"position\":2,\"name\":\"Pol\u00edtica de Privacidade\"}]},{\"@type\":\"WebSite\",\"@id\":\"https:\/\/fenixhorizonte.pt\/#website\",\"url\":\"https:\/\/fenixhorizonte.pt\/\",\"name\":\"F\u00e9nix Horizonte\",\"description\":\"Consultoria para os neg\u00f3cios e a gest\u00e3o\",\"publisher\":{\"@id\":\"https:\/\/fenixhorizonte.pt\/#organization\"},\"potentialAction\":[{\"@type\":\"SearchAction\",\"target\":{\"@type\":\"EntryPoint\",\"urlTemplate\":\"https:\/\/fenixhorizonte.pt\/?s={search_term_string}\"},\"query-input\":{\"@type\":\"PropertyValueSpecification\",\"valueRequired\":true,\"valueName\":\"search_term_string\"}}],\"inLanguage\":\"en-GB\"},{\"@type\":\"Organization\",\"@id\":\"https:\/\/fenixhorizonte.pt\/#organization\",\"name\":\"F\u00e9nix Horizonte, Sociedade Unipessoal Lda.\",\"url\":\"https:\/\/fenixhorizonte.pt\/\",\"logo\":{\"@type\":\"ImageObject\",\"inLanguage\":\"en-GB\",\"@id\":\"https:\/\/fenixhorizonte.pt\/#\/schema\/logo\/image\/\",\"url\":\"https:\/\/fenixhorizonte.pt\/wp-content\/uploads\/2024\/10\/logotipo-FH.svg\",\"contentUrl\":\"https:\/\/fenixhorizonte.pt\/wp-content\/uploads\/2024\/10\/logotipo-FH.svg\",\"width\":1,\"height\":1,\"caption\":\"F\u00e9nix Horizonte, Sociedade Unipessoal Lda.\"},\"image\":{\"@id\":\"https:\/\/fenixhorizonte.pt\/#\/schema\/logo\/image\/\"},\"sameAs\":[\"https:\/\/www.linkedin.com\/in\/filipemeneses26a69738\/\"]}]}<\/script>\n<!-- \/ Yoast SEO plugin. -->","yoast_head_json":{"title":"F\u00e9nix Horizonte - Privacy Policy","description":"Consult F\u00e9nix Horizonte's Privacy Policy and find out what tools we use to process your data.","robots":{"index":"index","follow":"follow","max-snippet":"max-snippet:-1","max-image-preview":"max-image-preview:large","max-video-preview":"max-video-preview:-1"},"canonical":"https:\/\/fenixhorizonte.pt\/en\/privacy-policy\/","og_locale":"en_GB","og_type":"article","og_title":"F\u00e9nix Horizonte - Pol\u00edtica de Privacidade","og_description":"Consulte a Pol\u00edtica de Privacidade da F\u00e9nix Horizonte e saiba as ferramentas que usamos para tratar os seus dados.","og_url":"https:\/\/fenixhorizonte.pt\/en\/privacy-policy\/","og_site_name":"F\u00e9nix Horizonte","article_modified_time":"2024-11-08T09:34:31+00:00","twitter_card":"summary_large_image","twitter_misc":{"Estimated reading time":"1 minute"},"schema":{"@context":"https:\/\/schema.org","@graph":[{"@type":"WebPage","@id":"https:\/\/fenixhorizonte.pt\/politica-de-privacidade\/","url":"https:\/\/fenixhorizonte.pt\/politica-de-privacidade\/","name":"F\u00e9nix Horizonte - Privacy Policy","isPartOf":{"@id":"https:\/\/fenixhorizonte.pt\/#website"},"primaryImageOfPage":{"@id":"https:\/\/fenixhorizonte.pt\/politica-de-privacidade\/#primaryimage"},"image":{"@id":"https:\/\/fenixhorizonte.pt\/politica-de-privacidade\/#primaryimage"},"thumbnailUrl":"https:\/\/fenixhorizonte.pt\/wp-content\/uploads\/2024\/10\/logotipo-FH.svg","datePublished":"2024-10-29T12:56:02+00:00","dateModified":"2024-11-08T09:34:31+00:00","description":"Consult F\u00e9nix Horizonte's Privacy Policy and find out what tools we use to process your data.","breadcrumb":{"@id":"https:\/\/fenixhorizonte.pt\/politica-de-privacidade\/#breadcrumb"},"inLanguage":"en-GB","potentialAction":[{"@type":"ReadAction","target":["https:\/\/fenixhorizonte.pt\/politica-de-privacidade\/"]}]},{"@type":"ImageObject","inLanguage":"en-GB","@id":"https:\/\/fenixhorizonte.pt\/politica-de-privacidade\/#primaryimage","url":"https:\/\/fenixhorizonte.pt\/wp-content\/uploads\/2024\/10\/logotipo-FH.svg","contentUrl":"https:\/\/fenixhorizonte.pt\/wp-content\/uploads\/2024\/10\/logotipo-FH.svg"},{"@type":"BreadcrumbList","@id":"https:\/\/fenixhorizonte.pt\/politica-de-privacidade\/#breadcrumb","itemListElement":[{"@type":"ListItem","position":1,"name":"In\u00edcio","item":"https:\/\/fenixhorizonte.pt\/"},{"@type":"ListItem","position":2,"name":"Pol\u00edtica de Privacidade"}]},{"@type":"WebSite","@id":"https:\/\/fenixhorizonte.pt\/#website","url":"https:\/\/fenixhorizonte.pt\/","name":"Phoenix Horizon","description":"Business and management consultancy","publisher":{"@id":"https:\/\/fenixhorizonte.pt\/#organization"},"potentialAction":[{"@type":"SearchAction","target":{"@type":"EntryPoint","urlTemplate":"https:\/\/fenixhorizonte.pt\/?s={search_term_string}"},"query-input":{"@type":"PropertyValueSpecification","valueRequired":true,"valueName":"search_term_string"}}],"inLanguage":"en-GB"},{"@type":"Organization","@id":"https:\/\/fenixhorizonte.pt\/#organization","name":"F\u00e9nix Horizonte, Sociedade Unipessoal Lda.","url":"https:\/\/fenixhorizonte.pt\/","logo":{"@type":"ImageObject","inLanguage":"en-GB","@id":"https:\/\/fenixhorizonte.pt\/#\/schema\/logo\/image\/","url":"https:\/\/fenixhorizonte.pt\/wp-content\/uploads\/2024\/10\/logotipo-FH.svg","contentUrl":"https:\/\/fenixhorizonte.pt\/wp-content\/uploads\/2024\/10\/logotipo-FH.svg","width":1,"height":1,"caption":"F\u00e9nix Horizonte, Sociedade Unipessoal Lda."},"image":{"@id":"https:\/\/fenixhorizonte.pt\/#\/schema\/logo\/image\/"},"sameAs":["https:\/\/www.linkedin.com\/in\/filipemeneses26a69738\/"]}]}},"_links":{"self":[{"href":"https:\/\/fenixhorizonte.pt\/en\/wp-json\/wp\/v2\/pages\/3","targetHints":{"allow":["GET"]}}],"collection":[{"href":"https:\/\/fenixhorizonte.pt\/en\/wp-json\/wp\/v2\/pages"}],"about":[{"href":"https:\/\/fenixhorizonte.pt\/en\/wp-json\/wp\/v2\/types\/page"}],"author":[{"embeddable":true,"href":"https:\/\/fenixhorizonte.pt\/en\/wp-json\/wp\/v2\/users\/1"}],"replies":[{"embeddable":true,"href":"https:\/\/fenixhorizonte.pt\/en\/wp-json\/wp\/v2\/comments?post=3"}],"version-history":[{"count":0,"href":"https:\/\/fenixhorizonte.pt\/en\/wp-json\/wp\/v2\/pages\/3\/revisions"}],"wp:featuredmedia":[{"embeddable":true,"href":"https:\/\/fenixhorizonte.pt\/en\/wp-json\/wp\/v2\/media\/105"}],"wp:attachment":[{"href":"https:\/\/fenixhorizonte.pt\/en\/wp-json\/wp\/v2\/media?parent=3"}],"curies":[{"name":"wp","href":"https:\/\/api.w.org\/{rel}","templated":true}]}}