{"id":55,"date":"2024-10-30T15:28:33","date_gmt":"2024-10-30T15:28:33","guid":{"rendered":"https:\/\/fenixhorizonte.pt\/?page_id=55"},"modified":"2025-03-18T15:12:43","modified_gmt":"2025-03-18T15:12:43","slug":"blog","status":"publish","type":"page","link":"https:\/\/fenixhorizonte.pt\/en\/blog\/","title":{"rendered":"Blog"},"content":{"rendered":"","protected":false},"excerpt":{"rendered":"","protected":false},"author":1,"featured_media":105,"parent":0,"menu_order":0,"comment_status":"closed","ping_status":"closed","template":"","meta":{"footnotes":""},"class_list":["post-55","page","type-page","status-publish","has-post-thumbnail","hentry"],"yoast_head":"<!-- This site is optimized with the Yoast SEO plugin v25.5 - https:\/\/yoast.com\/wordpress\/plugins\/seo\/ -->\n<title>F\u00e9nix Horizonte - Blog<\/title>\n<meta name=\"description\" content=\"Na F\u00e9nix Horizonte somos especialistas em administra\u00e7\u00e3o financeira, auditoria, contabilidade e planeamento, e de organiza\u00e7\u00e3o e qualidade.\" \/>\n<meta name=\"robots\" content=\"index, follow, max-snippet:-1, max-image-preview:large, max-video-preview:-1\" \/>\n<link rel=\"canonical\" href=\"https:\/\/fenixhorizonte.pt\/en\/blog\/\" \/>\n<meta property=\"og:locale\" content=\"en_GB\" \/>\n<meta property=\"og:type\" content=\"article\" \/>\n<meta property=\"og:title\" content=\"F\u00e9nix Horizonte - Blog\" \/>\n<meta property=\"og:description\" content=\"Na F\u00e9nix Horizonte somos especialistas em administra\u00e7\u00e3o financeira, auditoria, contabilidade e planeamento, e de organiza\u00e7\u00e3o e qualidade.\" \/>\n<meta property=\"og:url\" content=\"https:\/\/fenixhorizonte.pt\/en\/blog\/\" \/>\n<meta property=\"og:site_name\" content=\"F\u00e9nix Horizonte\" \/>\n<meta property=\"article:modified_time\" content=\"2025-03-18T15:12:43+00:00\" \/>\n<meta name=\"twitter:card\" content=\"summary_large_image\" \/>\n<meta name=\"twitter:label1\" content=\"Estimated reading time\" \/>\n\t<meta name=\"twitter:data1\" content=\"1 minute\" \/>\n<script type=\"application\/ld+json\" class=\"yoast-schema-graph\">{\"@context\":\"https:\/\/schema.org\",\"@graph\":[{\"@type\":\"WebPage\",\"@id\":\"https:\/\/fenixhorizonte.pt\/blog\/\",\"url\":\"https:\/\/fenixhorizonte.pt\/blog\/\",\"name\":\"F\u00e9nix Horizonte - Blog\",\"isPartOf\":{\"@id\":\"https:\/\/fenixhorizonte.pt\/#website\"},\"primaryImageOfPage\":{\"@id\":\"https:\/\/fenixhorizonte.pt\/blog\/#primaryimage\"},\"image\":{\"@id\":\"https:\/\/fenixhorizonte.pt\/blog\/#primaryimage\"},\"thumbnailUrl\":\"https:\/\/fenixhorizonte.pt\/wp-content\/uploads\/2024\/10\/logotipo-FH.svg\",\"datePublished\":\"2024-10-30T15:28:33+00:00\",\"dateModified\":\"2025-03-18T15:12:43+00:00\",\"description\":\"Na F\u00e9nix Horizonte somos especialistas em administra\u00e7\u00e3o financeira, auditoria, contabilidade e planeamento, e de organiza\u00e7\u00e3o e qualidade.\",\"breadcrumb\":{\"@id\":\"https:\/\/fenixhorizonte.pt\/blog\/#breadcrumb\"},\"inLanguage\":\"en-GB\",\"potentialAction\":[{\"@type\":\"ReadAction\",\"target\":[\"https:\/\/fenixhorizonte.pt\/blog\/\"]}]},{\"@type\":\"ImageObject\",\"inLanguage\":\"en-GB\",\"@id\":\"https:\/\/fenixhorizonte.pt\/blog\/#primaryimage\",\"url\":\"https:\/\/fenixhorizonte.pt\/wp-content\/uploads\/2024\/10\/logotipo-FH.svg\",\"contentUrl\":\"https:\/\/fenixhorizonte.pt\/wp-content\/uploads\/2024\/10\/logotipo-FH.svg\"},{\"@type\":\"BreadcrumbList\",\"@id\":\"https:\/\/fenixhorizonte.pt\/blog\/#breadcrumb\",\"itemListElement\":[{\"@type\":\"ListItem\",\"position\":1,\"name\":\"In\u00edcio\",\"item\":\"https:\/\/fenixhorizonte.pt\/\"},{\"@type\":\"ListItem\",\"position\":2,\"name\":\"Blog\"}]},{\"@type\":\"WebSite\",\"@id\":\"https:\/\/fenixhorizonte.pt\/#website\",\"url\":\"https:\/\/fenixhorizonte.pt\/\",\"name\":\"F\u00e9nix Horizonte\",\"description\":\"Consultoria para os neg\u00f3cios e a gest\u00e3o\",\"publisher\":{\"@id\":\"https:\/\/fenixhorizonte.pt\/#organization\"},\"potentialAction\":[{\"@type\":\"SearchAction\",\"target\":{\"@type\":\"EntryPoint\",\"urlTemplate\":\"https:\/\/fenixhorizonte.pt\/?s={search_term_string}\"},\"query-input\":{\"@type\":\"PropertyValueSpecification\",\"valueRequired\":true,\"valueName\":\"search_term_string\"}}],\"inLanguage\":\"en-GB\"},{\"@type\":\"Organization\",\"@id\":\"https:\/\/fenixhorizonte.pt\/#organization\",\"name\":\"F\u00e9nix Horizonte, Sociedade Unipessoal Lda.\",\"url\":\"https:\/\/fenixhorizonte.pt\/\",\"logo\":{\"@type\":\"ImageObject\",\"inLanguage\":\"en-GB\",\"@id\":\"https:\/\/fenixhorizonte.pt\/#\/schema\/logo\/image\/\",\"url\":\"https:\/\/fenixhorizonte.pt\/wp-content\/uploads\/2024\/10\/logotipo-FH.svg\",\"contentUrl\":\"https:\/\/fenixhorizonte.pt\/wp-content\/uploads\/2024\/10\/logotipo-FH.svg\",\"width\":1,\"height\":1,\"caption\":\"F\u00e9nix Horizonte, Sociedade Unipessoal Lda.\"},\"image\":{\"@id\":\"https:\/\/fenixhorizonte.pt\/#\/schema\/logo\/image\/\"},\"sameAs\":[\"https:\/\/www.linkedin.com\/in\/filipemeneses26a69738\/\"]}]}<\/script>\n<!-- \/ Yoast SEO plugin. -->","yoast_head_json":{"title":"F\u00e9nix Horizonte - Blog","description":"At F\u00e9nix Horizonte we specialise in financial administration, auditing, accounting and planning, and organisation and quality.","robots":{"index":"index","follow":"follow","max-snippet":"max-snippet:-1","max-image-preview":"max-image-preview:large","max-video-preview":"max-video-preview:-1"},"canonical":"https:\/\/fenixhorizonte.pt\/en\/blog\/","og_locale":"en_GB","og_type":"article","og_title":"F\u00e9nix Horizonte - Blog","og_description":"Na F\u00e9nix Horizonte somos especialistas em administra\u00e7\u00e3o financeira, auditoria, contabilidade e planeamento, e de organiza\u00e7\u00e3o e qualidade.","og_url":"https:\/\/fenixhorizonte.pt\/en\/blog\/","og_site_name":"F\u00e9nix Horizonte","article_modified_time":"2025-03-18T15:12:43+00:00","twitter_card":"summary_large_image","twitter_misc":{"Estimated reading time":"1 minute"},"schema":{"@context":"https:\/\/schema.org","@graph":[{"@type":"WebPage","@id":"https:\/\/fenixhorizonte.pt\/blog\/","url":"https:\/\/fenixhorizonte.pt\/blog\/","name":"F\u00e9nix Horizonte - Blog","isPartOf":{"@id":"https:\/\/fenixhorizonte.pt\/#website"},"primaryImageOfPage":{"@id":"https:\/\/fenixhorizonte.pt\/blog\/#primaryimage"},"image":{"@id":"https:\/\/fenixhorizonte.pt\/blog\/#primaryimage"},"thumbnailUrl":"https:\/\/fenixhorizonte.pt\/wp-content\/uploads\/2024\/10\/logotipo-FH.svg","datePublished":"2024-10-30T15:28:33+00:00","dateModified":"2025-03-18T15:12:43+00:00","description":"At F\u00e9nix Horizonte we specialise in financial administration, auditing, accounting and planning, and organisation and quality.","breadcrumb":{"@id":"https:\/\/fenixhorizonte.pt\/blog\/#breadcrumb"},"inLanguage":"en-GB","potentialAction":[{"@type":"ReadAction","target":["https:\/\/fenixhorizonte.pt\/blog\/"]}]},{"@type":"ImageObject","inLanguage":"en-GB","@id":"https:\/\/fenixhorizonte.pt\/blog\/#primaryimage","url":"https:\/\/fenixhorizonte.pt\/wp-content\/uploads\/2024\/10\/logotipo-FH.svg","contentUrl":"https:\/\/fenixhorizonte.pt\/wp-content\/uploads\/2024\/10\/logotipo-FH.svg"},{"@type":"BreadcrumbList","@id":"https:\/\/fenixhorizonte.pt\/blog\/#breadcrumb","itemListElement":[{"@type":"ListItem","position":1,"name":"In\u00edcio","item":"https:\/\/fenixhorizonte.pt\/"},{"@type":"ListItem","position":2,"name":"Blog"}]},{"@type":"WebSite","@id":"https:\/\/fenixhorizonte.pt\/#website","url":"https:\/\/fenixhorizonte.pt\/","name":"Phoenix Horizon","description":"Business and management consultancy","publisher":{"@id":"https:\/\/fenixhorizonte.pt\/#organization"},"potentialAction":[{"@type":"SearchAction","target":{"@type":"EntryPoint","urlTemplate":"https:\/\/fenixhorizonte.pt\/?s={search_term_string}"},"query-input":{"@type":"PropertyValueSpecification","valueRequired":true,"valueName":"search_term_string"}}],"inLanguage":"en-GB"},{"@type":"Organization","@id":"https:\/\/fenixhorizonte.pt\/#organization","name":"F\u00e9nix Horizonte, Sociedade Unipessoal Lda.","url":"https:\/\/fenixhorizonte.pt\/","logo":{"@type":"ImageObject","inLanguage":"en-GB","@id":"https:\/\/fenixhorizonte.pt\/#\/schema\/logo\/image\/","url":"https:\/\/fenixhorizonte.pt\/wp-content\/uploads\/2024\/10\/logotipo-FH.svg","contentUrl":"https:\/\/fenixhorizonte.pt\/wp-content\/uploads\/2024\/10\/logotipo-FH.svg","width":1,"height":1,"caption":"F\u00e9nix Horizonte, Sociedade Unipessoal Lda."},"image":{"@id":"https:\/\/fenixhorizonte.pt\/#\/schema\/logo\/image\/"},"sameAs":["https:\/\/www.linkedin.com\/in\/filipemeneses26a69738\/"]}]}},"_links":{"self":[{"href":"https:\/\/fenixhorizonte.pt\/en\/wp-json\/wp\/v2\/pages\/55","targetHints":{"allow":["GET"]}}],"collection":[{"href":"https:\/\/fenixhorizonte.pt\/en\/wp-json\/wp\/v2\/pages"}],"about":[{"href":"https:\/\/fenixhorizonte.pt\/en\/wp-json\/wp\/v2\/types\/page"}],"author":[{"embeddable":true,"href":"https:\/\/fenixhorizonte.pt\/en\/wp-json\/wp\/v2\/users\/1"}],"replies":[{"embeddable":true,"href":"https:\/\/fenixhorizonte.pt\/en\/wp-json\/wp\/v2\/comments?post=55"}],"version-history":[{"count":0,"href":"https:\/\/fenixhorizonte.pt\/en\/wp-json\/wp\/v2\/pages\/55\/revisions"}],"wp:featuredmedia":[{"embeddable":true,"href":"https:\/\/fenixhorizonte.pt\/en\/wp-json\/wp\/v2\/media\/105"}],"wp:attachment":[{"href":"https:\/\/fenixhorizonte.pt\/en\/wp-json\/wp\/v2\/media?parent=55"}],"curies":[{"name":"wp","href":"https:\/\/api.w.org\/{rel}","templated":true}]}}